{"id":1715,"date":"2021-11-09T18:37:52","date_gmt":"2021-11-09T16:37:52","guid":{"rendered":"https:\/\/timroos.eu\/?page_id=1715"},"modified":"2021-12-13T21:45:21","modified_gmt":"2021-12-13T19:45:21","slug":"verdere-mededelingen","status":"publish","type":"page","link":"https:\/\/timroos.eu\/fr\/documenten\/verdere-mededelingen\/","title":{"rendered":"Annonces suppl\u00e9mentaires"},"content":{"rendered":"<div data-elementor-type=\"wp-page\" data-elementor-id=\"1715\" class=\"elementor elementor-1715\" data-elementor-post-type=\"page\">\n\t\t\t\t\t\t<section class=\"elementor-section elementor-top-section elementor-element elementor-element-446d2278 elementor-section-boxed elementor-section-height-default elementor-section-height-default\" data-id=\"446d2278\" data-element_type=\"section\" data-e-type=\"section\" data-settings=\"{&quot;jet_parallax_layout_list&quot;:[]}\">\n\t\t\t\t\t\t<div class=\"elementor-container elementor-column-gap-default\">\n\t\t\t\t\t<div class=\"elementor-column elementor-col-50 elementor-top-column elementor-element elementor-element-6263df8b\" data-id=\"6263df8b\" data-element_type=\"column\" data-e-type=\"column\">\n\t\t\t<div class=\"elementor-widget-wrap elementor-element-populated\">\n\t\t\t\t\t\t<div class=\"elementor-element elementor-element-71548834 elementor-widget elementor-widget-heading\" data-id=\"71548834\" data-element_type=\"widget\" data-e-type=\"widget\" data-widget_type=\"heading.default\">\n\t\t\t\t<div class=\"elementor-widget-container\">\n\t\t\t\t\t<h1 class=\"elementor-heading-title elementor-size-default\">Annonces suppl\u00e9mentaires<\/h1>\t\t\t\t<\/div>\n\t\t\t\t<\/div>\n\t\t\t\t<div class=\"elementor-element elementor-element-1d0a7b40 elementor-widget elementor-widget-post-info\" data-id=\"1d0a7b40\" data-element_type=\"widget\" data-e-type=\"widget\" data-widget_type=\"post-info.default\">\n\t\t\t\t<div class=\"elementor-widget-container\">\n\t\t\t\t\t\t\t<ul class=\"elementor-inline-items elementor-icon-list-items elementor-post-info\">\n\t\t\t\t\t\t\t\t<li class=\"elementor-icon-list-item elementor-repeater-item-a583289 elementor-inline-item\" itemprop=\"datePublished\">\n\t\t\t\t\t\t<a href=\"https:\/\/timroos.eu\/fr\/2021\/11\/09\/\">\n\t\t\t\t\t\t\t\t\t\t\t<span class=\"elementor-icon-list-icon\">\n\t\t\t\t\t\t\t\t<i aria-hidden=\"true\" class=\"fas fa-calendar\"><\/i>\t\t\t\t\t\t\t<\/span>\n\t\t\t\t\t\t\t\t\t<span class=\"elementor-icon-list-text elementor-post-info__item elementor-post-info__item--type-date\">\n\t\t\t\t\t\t\t<span class=\"elementor-post-info__item-prefix\">Derni\u00e8re modification le<\/span>\n\t\t\t\t\t\t\t\t\t\t<time>11\/09\/2021<\/time>\t\t\t\t\t<\/span>\n\t\t\t\t\t\t\t\t\t<\/a>\n\t\t\t\t<\/li>\n\t\t\t\t<\/ul>\n\t\t\t\t\t\t<\/div>\n\t\t\t\t<\/div>\n\t\t\t\t\t<\/div>\n\t\t<\/div>\n\t\t\t\t<div class=\"elementor-column elementor-col-50 elementor-top-column elementor-element elementor-element-4f1896cf\" data-id=\"4f1896cf\" data-element_type=\"column\" data-e-type=\"column\">\n\t\t\t<div class=\"elementor-widget-wrap\">\n\t\t\t\t\t\t\t<\/div>\n\t\t<\/div>\n\t\t\t\t\t<\/div>\n\t\t<\/section>\n\t\t\t\t<section class=\"elementor-section elementor-top-section elementor-element elementor-element-1e7913ff elementor-section-boxed elementor-section-height-default elementor-section-height-default\" data-id=\"1e7913ff\" data-element_type=\"section\" data-e-type=\"section\" data-settings=\"{&quot;jet_parallax_layout_list&quot;:[]}\">\n\t\t\t\t\t\t<div class=\"elementor-container elementor-column-gap-default\">\n\t\t\t\t\t<div class=\"elementor-column elementor-col-100 elementor-top-column elementor-element elementor-element-4f0e7d9b\" data-id=\"4f0e7d9b\" data-element_type=\"column\" data-e-type=\"column\">\n\t\t\t<div class=\"elementor-widget-wrap elementor-element-populated\">\n\t\t\t\t\t\t<div class=\"elementor-element elementor-element-65832497 elementor-widget elementor-widget-heading\" data-id=\"65832497\" data-element_type=\"widget\" data-e-type=\"widget\" data-widget_type=\"heading.default\">\n\t\t\t\t<div class=\"elementor-widget-container\">\n\t\t\t\t\t<span class=\"elementor-heading-title elementor-size-default\">Tim Roos Cabinet d'avocat<\/span>\t\t\t\t<\/div>\n\t\t\t\t<\/div>\n\t\t\t\t<div class=\"elementor-element elementor-element-752e9bb7 elementor-widget elementor-widget-text-editor\" data-id=\"752e9bb7\" data-element_type=\"widget\" data-e-type=\"widget\" data-widget_type=\"text-editor.default\">\n\t\t\t\t<div class=\"elementor-widget-container\">\n\t\t\t\t\t\t\t\t\t<ul>\n<li>est le nom commercial de Mr. T. Roos B.V. (\u00ab\u00a0Besloten Vennootschap\u00a0\u00bb est, en n\u00e9erlandais, une forme juridique de soci\u00e9t\u00e9 proche de la Soci\u00e9t\u00e9 \u00e0 Responsabilit\u00e9 Limit\u00e9e ou S. A. R. L. du droit fran\u00e7ais), le cabinet unipersonnel dans lequel Me T. Roos (Tim Roos) exerce son activit\u00e9. Tim Roos est inscrit en tant qu'avocat aupr\u00e8s de l'Ordre n\u00e9erlandais des avocats (https:\/\/www.advocatenorde.nl\/).<a href=\"https:\/\/www.advocatenorde.nl\/\">https:\/\/www.advocatenorde.nl\/<\/a>).<\/li>\n<\/ul>\n<div>&nbsp;<\/div>\n<ul>\n<li>respecte les r\u00e8gles du Barreau n\u00e9erlandais, notamment l'Advocatenwet (loi sur les avocats), les Gedragsregels 2018 (code de conduite) et le Verordening op de advocatuur (r\u00e8glement sur la profession d'avocat) ;<\/li>\n<\/ul>\n<div>&nbsp;<\/div>\n<ul>\n<li>ne dispose pas d\u2019un compte d\u00e9di\u00e9 au maniement des fonds appartenant \u00e0 ses clients et ne peut donc pas recevoir de fonds de tiers ;<\/li>\n<\/ul>\n<div>&nbsp;<\/div>\n<ul>\n<li>a souscrit une assurance responsabilit\u00e9 civile professionnelle aupr\u00e8s de Allianz Nederland Corporate, (PO Box 761, 3000 AT Rotterdam), qui r\u00e9pond aux exigences fix\u00e9es par l'Association du Barreau n\u00e9erlandais\u00a0;<\/li>\n<\/ul>\n<div>&nbsp;<\/div>\n<ul>\n<li>a pr\u00e9vu un rempla\u00e7ant en cas d'absence ;<\/li>\n<\/ul>\n<div>&nbsp;<\/div>\n<ul>\n<li class=\"translation-block\">exerce dans le cadre de l\u2019application de Conditions G\u00e9n\u00e9rales, qui peuvent \u00eatre consult\u00e9es sur ce site web (<a href=\"https:\/\/timroos.eu\/fr\/documenten\/algemene-voorwaarden\/\" target=\"_blank\" rel=\"noopener\">lien vers Conditions G\u00e9n\u00e9rales<\/a>); ces Conditions G\u00e9n\u00e9rales contiennent une limitation de responsabilit\u00e9 et stipulent entre autres que les missions ou accords avec Tim Roos Advocatuur sont soumis au droit n\u00e9erlandais et que le Tribunal de Rotterdam est exclusivement comp\u00e9tent pour conna\u00eetre des litiges.<\/li>\n<\/ul>\n<div>&nbsp;<\/div>\n<ul>\n<li class=\"translation-block\">est soumis \u00e0 sa proc\u00e9dure de plainte, qui peut \u00eatre consult\u00e9e sur ce site web (<a href=\"https:\/\/timroos.eu\/fr\/klachtenregeling\" target=\"_blank\" rel=\"noopener\">lien vers la proc\u00e9dure de plainte<\/a>). Si une plainte n'aboutit pas \u00e0 une solution, le tribunal de district de Rotterdam sera comp\u00e9tent.<\/li>\n<\/ul>\n<div>&nbsp;<\/div>\n<ul>\n<li class=\"translation-block\">a inscrit le principal domaine d'activit\u00e9 suivant au registre des entit\u00e9s juridiques de l'Association du Barreau n\u00e9erlandais :\u2028Pratique g\u00e9n\u00e9rale.\u2028Sur la base de cette inscription, il est tenu d'obtenir chaque ann\u00e9e civile dix points de formation dans ce domaine du droit, conform\u00e9ment aux normes de l'Ordre des avocats n\u00e9erlandais.<\/li>\n<li style=\"list-style-type: none;\">&nbsp;<\/li>\n<\/ul>\t\t\t\t\t\t\t\t<\/div>\n\t\t\t\t<\/div>\n\t\t\t\t<div class=\"elementor-element elementor-element-212c7a7d elementor-widget elementor-widget-post-info\" data-id=\"212c7a7d\" data-element_type=\"widget\" data-e-type=\"widget\" data-widget_type=\"post-info.default\">\n\t\t\t\t<div class=\"elementor-widget-container\">\n\t\t\t\t\t\t\t<ul class=\"elementor-inline-items elementor-icon-list-items elementor-post-info\">\n\t\t\t\t\t\t\t\t<li class=\"elementor-icon-list-item elementor-repeater-item-a583289 elementor-inline-item\" itemprop=\"datePublished\">\n\t\t\t\t\t\t<a href=\"https:\/\/timroos.eu\/fr\/2021\/11\/09\/\">\n\t\t\t\t\t\t\t\t\t\t\t<span class=\"elementor-icon-list-icon\">\n\t\t\t\t\t\t\t\t<i aria-hidden=\"true\" class=\"fas fa-calendar\"><\/i>\t\t\t\t\t\t\t<\/span>\n\t\t\t\t\t\t\t\t\t<span class=\"elementor-icon-list-text elementor-post-info__item elementor-post-info__item--type-date\">\n\t\t\t\t\t\t\t<span class=\"elementor-post-info__item-prefix\">Derni\u00e8re modification le<\/span>\n\t\t\t\t\t\t\t\t\t\t<time>11\/09\/2021<\/time>\t\t\t\t\t<\/span>\n\t\t\t\t\t\t\t\t\t<\/a>\n\t\t\t\t<\/li>\n\t\t\t\t<\/ul>\n\t\t\t\t\t\t<\/div>\n\t\t\t\t<\/div>\n\t\t\t\t\t<\/div>\n\t\t<\/div>\n\t\t\t\t\t<\/div>\n\t\t<\/section>\n\t\t\t\t<section class=\"elementor-section elementor-top-section elementor-element elementor-element-1a0e81bb elementor-section-boxed elementor-section-height-default elementor-section-height-default\" data-id=\"1a0e81bb\" data-element_type=\"section\" data-e-type=\"section\" data-settings=\"{&quot;jet_parallax_layout_list&quot;:[]}\">\n\t\t\t\t\t\t<div class=\"elementor-container elementor-column-gap-default\">\n\t\t\t\t\t<div class=\"elementor-column elementor-col-50 elementor-top-column elementor-element elementor-element-1997f13c\" data-id=\"1997f13c\" data-element_type=\"column\" data-e-type=\"column\">\n\t\t\t<div class=\"elementor-widget-wrap elementor-element-populated\">\n\t\t\t\t\t\t<div class=\"elementor-element elementor-element-1bb3490f elementor-widget elementor-widget-heading\" data-id=\"1bb3490f\" data-element_type=\"widget\" data-e-type=\"widget\" data-widget_type=\"heading.default\">\n\t\t\t\t<div class=\"elementor-widget-container\">\n\t\t\t\t\t<h2 class=\"elementor-heading-title elementor-size-default translation-block\">vers des t\u00e9l\u00e9chargements<\/h2>\t\t\t\t<\/div>\n\t\t\t\t<\/div>\n\t\t\t\t<div class=\"elementor-element elementor-element-28b8e172 elementor-align-left elementor-widget elementor-widget-button\" data-id=\"28b8e172\" data-element_type=\"widget\" data-e-type=\"widget\" data-widget_type=\"button.default\">\n\t\t\t\t<div class=\"elementor-widget-container\">\n\t\t\t\t\t\t\t\t\t<div class=\"elementor-button-wrapper\">\n\t\t\t\t\t<a class=\"elementor-button elementor-button-link elementor-size-sm\" href=\"https:\/\/timroos.eu\/fr\/documenten\/\">\n\t\t\t\t\t\t<span class=\"elementor-button-content-wrapper\">\n\t\t\t\t\t\t<span class=\"elementor-button-icon\">\n\t\t\t\t<i aria-hidden=\"true\" class=\"fas fa-chevron-right\"><\/i>\t\t\t<\/span>\n\t\t\t\t\t\t\t\t\t<span class=\"elementor-button-text\">vers des t\u00e9l\u00e9chargements<\/span>\n\t\t\t\t\t<\/span>\n\t\t\t\t\t<\/a>\n\t\t\t\t<\/div>\n\t\t\t\t\t\t\t\t<\/div>\n\t\t\t\t<\/div>\n\t\t\t\t\t<\/div>\n\t\t<\/div>\n\t\t\t\t<div class=\"elementor-column elementor-col-50 elementor-top-column elementor-element elementor-element-16cfbbd9\" data-id=\"16cfbbd9\" data-element_type=\"column\" data-e-type=\"column\">\n\t\t\t<div class=\"elementor-widget-wrap\">\n\t\t\t\t\t\t\t<\/div>\n\t\t<\/div>\n\t\t\t\t\t<\/div>\n\t\t<\/section>\n\t\t\t\t<\/div>","protected":false},"excerpt":{"rendered":"<p>Verdere mededelingen Tim Roos Advocatuur Is de handelsnaam van mr. T. Roos b.v., het eenmanskantoor waarin mr. T. Roos (Tim Roos) de praktijk uitoefent; Tim Roos is als advocaat ingeschreven bij de Nederlandse Orde van Advocaten (https:\/\/www.advocatenorde.nl\/). &nbsp; voldoet aan de regels van de Nederlandse Orde van Advocaten, waaronder de Advocatenwet, de Gedragsregels 2018 en [&hellip;]<\/p>\n","protected":false},"author":4,"featured_media":1809,"parent":1541,"menu_order":0,"comment_status":"closed","ping_status":"closed","template":"elementor_header_footer","meta":{"_acf_changed":false,"footnotes":""},"class_list":["post-1715","page","type-page","status-publish","has-post-thumbnail","hentry"],"acf":[],"_links":{"self":[{"href":"https:\/\/timroos.eu\/fr\/wp-json\/wp\/v2\/pages\/1715","targetHints":{"allow":["GET"]}}],"collection":[{"href":"https:\/\/timroos.eu\/fr\/wp-json\/wp\/v2\/pages"}],"about":[{"href":"https:\/\/timroos.eu\/fr\/wp-json\/wp\/v2\/types\/page"}],"author":[{"embeddable":true,"href":"https:\/\/timroos.eu\/fr\/wp-json\/wp\/v2\/users\/4"}],"replies":[{"embeddable":true,"href":"https:\/\/timroos.eu\/fr\/wp-json\/wp\/v2\/comments?post=1715"}],"version-history":[{"count":5,"href":"https:\/\/timroos.eu\/fr\/wp-json\/wp\/v2\/pages\/1715\/revisions"}],"predecessor-version":[{"id":2011,"href":"https:\/\/timroos.eu\/fr\/wp-json\/wp\/v2\/pages\/1715\/revisions\/2011"}],"up":[{"embeddable":true,"href":"https:\/\/timroos.eu\/fr\/wp-json\/wp\/v2\/pages\/1541"}],"wp:featuredmedia":[{"embeddable":true,"href":"https:\/\/timroos.eu\/fr\/wp-json\/wp\/v2\/media\/1809"}],"wp:attachment":[{"href":"https:\/\/timroos.eu\/fr\/wp-json\/wp\/v2\/media?parent=1715"}],"curies":[{"name":"wp","href":"https:\/\/api.w.org\/{rel}","templated":true}]}}