{"id":1563,"date":"2021-10-28T19:38:02","date_gmt":"2021-10-28T17:38:02","guid":{"rendered":"http:\/\/timroos.eu\/?page_id=1563"},"modified":"2021-12-13T21:44:57","modified_gmt":"2021-12-13T19:44:57","slug":"privacy-verklaring","status":"publish","type":"page","link":"https:\/\/timroos.eu\/fr\/documenten\/privacy-verklaring\/","title":{"rendered":"D\u00e9claration de confidentialit\u00e9"},"content":{"rendered":"<div data-elementor-type=\"wp-page\" data-elementor-id=\"1563\" class=\"elementor elementor-1563\" data-elementor-post-type=\"page\">\n\t\t\t\t\t\t<section class=\"elementor-section elementor-top-section elementor-element elementor-element-1c7b0def elementor-section-boxed elementor-section-height-default elementor-section-height-default\" data-id=\"1c7b0def\" data-element_type=\"section\" data-e-type=\"section\" data-settings=\"{&quot;jet_parallax_layout_list&quot;:[]}\">\n\t\t\t\t\t\t<div class=\"elementor-container elementor-column-gap-default\">\n\t\t\t\t\t<div class=\"elementor-column elementor-col-50 elementor-top-column elementor-element elementor-element-4a72aaa2\" data-id=\"4a72aaa2\" data-element_type=\"column\" data-e-type=\"column\">\n\t\t\t<div class=\"elementor-widget-wrap elementor-element-populated\">\n\t\t\t\t\t\t<div class=\"elementor-element elementor-element-6d1aa254 elementor-widget elementor-widget-heading\" data-id=\"6d1aa254\" data-element_type=\"widget\" data-e-type=\"widget\" data-widget_type=\"heading.default\">\n\t\t\t\t<div class=\"elementor-widget-container\">\n\t\t\t\t\t<h1 class=\"elementor-heading-title elementor-size-default\">D\u00e9claration de confidentialit\u00e9<\/h1>\t\t\t\t<\/div>\n\t\t\t\t<\/div>\n\t\t\t\t<div class=\"elementor-element elementor-element-10b0904d elementor-widget elementor-widget-post-info\" data-id=\"10b0904d\" data-element_type=\"widget\" data-e-type=\"widget\" data-widget_type=\"post-info.default\">\n\t\t\t\t<div class=\"elementor-widget-container\">\n\t\t\t\t\t\t\t<ul class=\"elementor-inline-items elementor-icon-list-items elementor-post-info\">\n\t\t\t\t\t\t\t\t<li class=\"elementor-icon-list-item elementor-repeater-item-a583289 elementor-inline-item\" itemprop=\"datePublished\">\n\t\t\t\t\t\t<a href=\"https:\/\/timroos.eu\/fr\/2021\/10\/28\/\">\n\t\t\t\t\t\t\t\t\t\t\t<span class=\"elementor-icon-list-icon\">\n\t\t\t\t\t\t\t\t<i aria-hidden=\"true\" class=\"fas fa-calendar\"><\/i>\t\t\t\t\t\t\t<\/span>\n\t\t\t\t\t\t\t\t\t<span class=\"elementor-icon-list-text elementor-post-info__item elementor-post-info__item--type-date\">\n\t\t\t\t\t\t\t<span class=\"elementor-post-info__item-prefix\">Derni\u00e8re modification le<\/span>\n\t\t\t\t\t\t\t\t\t\t<time>10\/28\/2021<\/time>\t\t\t\t\t<\/span>\n\t\t\t\t\t\t\t\t\t<\/a>\n\t\t\t\t<\/li>\n\t\t\t\t<\/ul>\n\t\t\t\t\t\t<\/div>\n\t\t\t\t<\/div>\n\t\t\t\t\t<\/div>\n\t\t<\/div>\n\t\t\t\t<div class=\"elementor-column elementor-col-50 elementor-top-column elementor-element elementor-element-3de682bf\" data-id=\"3de682bf\" data-element_type=\"column\" data-e-type=\"column\">\n\t\t\t<div class=\"elementor-widget-wrap\">\n\t\t\t\t\t\t\t<\/div>\n\t\t<\/div>\n\t\t\t\t\t<\/div>\n\t\t<\/section>\n\t\t\t\t<section class=\"elementor-section elementor-top-section elementor-element elementor-element-54ddd1c9 elementor-section-boxed elementor-section-height-default elementor-section-height-default\" data-id=\"54ddd1c9\" data-element_type=\"section\" data-e-type=\"section\" data-settings=\"{&quot;jet_parallax_layout_list&quot;:[]}\">\n\t\t\t\t\t\t<div class=\"elementor-container elementor-column-gap-default\">\n\t\t\t\t\t<div class=\"elementor-column elementor-col-100 elementor-top-column elementor-element elementor-element-2a7712d3\" data-id=\"2a7712d3\" data-element_type=\"column\" data-e-type=\"column\">\n\t\t\t<div class=\"elementor-widget-wrap elementor-element-populated\">\n\t\t\t\t\t\t<div class=\"elementor-element elementor-element-7df591b elementor-widget elementor-widget-text-editor\" data-id=\"7df591b\" data-element_type=\"widget\" data-e-type=\"widget\" data-widget_type=\"text-editor.default\">\n\t\t\t\t<div class=\"elementor-widget-container\">\n\t\t\t\t\t\t\t\t\tTim Roos Advocatuur, \u00e9tabli \u00e0 Rotterdam, est responsable du traitement des donn\u00e9es \u00e0 caract\u00e8re personnel comme indiqu\u00e9 dans la pr\u00e9sente d\u00e9claration de confidentialit\u00e9.\n\t\t\t\t\t\t\t\t<\/div>\n\t\t\t\t<\/div>\n\t\t\t\t<div class=\"elementor-element elementor-element-c738794 elementor-widget elementor-widget-text-editor\" data-id=\"c738794\" data-element_type=\"widget\" data-e-type=\"widget\" data-widget_type=\"text-editor.default\">\n\t\t\t\t<div class=\"elementor-widget-container\">\n\t\t\t\t\t\t\t\t\t<p><strong>Coordonn\u00e9es de contact:<\/strong><br \/>Tim Roos Cabinet d'avocat<br \/>Fascinatio Boulevard 522, Unit 1.17<br \/>2909VA Capelle a\/d IJssel<br \/>I: www.timroos.eu<br \/>T: +31 10 268 19 16<br \/>M: +6 54 68 67 61<\/p>\t\t\t\t\t\t\t\t<\/div>\n\t\t\t\t<\/div>\n\t\t\t\t<div class=\"elementor-element elementor-element-350b9677 elementor-widget elementor-widget-heading\" data-id=\"350b9677\" data-element_type=\"widget\" data-e-type=\"widget\" data-widget_type=\"heading.default\">\n\t\t\t\t<div class=\"elementor-widget-container\">\n\t\t\t\t\t<h2 class=\"elementor-heading-title elementor-size-default\">Donn\u00e9es \u00e0 caract\u00e8re personnel qui sont trait\u00e9es \n<\/h2>\t\t\t\t<\/div>\n\t\t\t\t<\/div>\n\t\t\t\t<div class=\"elementor-element elementor-element-796ac7ee elementor-widget elementor-widget-text-editor\" data-id=\"796ac7ee\" data-element_type=\"widget\" data-e-type=\"widget\" data-widget_type=\"text-editor.default\">\n\t\t\t\t<div class=\"elementor-widget-container\">\n\t\t\t\t\t\t\t\t\tTim Roos Advocatuur verwerkt uw persoonsgegevens doordat u gebruik maakt van haar diensten en\/of omdat u deze zelf aan haar verstrekt.\n\t\t\t\t\t\t\t\t<\/div>\n\t\t\t\t<\/div>\n\t\t\t\t<div class=\"elementor-element elementor-element-23dd94f elementor-widget elementor-widget-text-editor\" data-id=\"23dd94f\" data-element_type=\"widget\" data-e-type=\"widget\" data-widget_type=\"text-editor.default\">\n\t\t\t\t<div class=\"elementor-widget-container\">\n\t\t\t\t\t\t\t\t\tLes donn\u00e9es personnelles suivantes peuvent \u00eatre trait\u00e9es :\n\t\t\t\t\t\t\t\t<\/div>\n\t\t\t\t<\/div>\n\t\t\t\t<div class=\"elementor-element elementor-element-6eee7e81 elementor-widget elementor-widget-text-editor\" data-id=\"6eee7e81\" data-element_type=\"widget\" data-e-type=\"widget\" data-widget_type=\"text-editor.default\">\n\t\t\t\t<div class=\"elementor-widget-container\">\n\t\t\t\t\t\t\t\t\t<ul><li><p>Pr\u00e9nom et nom de famille;<\/p><\/li><li><p>\u00a0Sexe;<\/p><\/li><li><p>Date de naissance;<\/p><\/li><li><p>D\u00e9tails de l'adresse;<\/p><\/li><li><p>Num\u00e9ro de t\u00e9l\u00e9phone;<\/p><\/li><li><p>Adresse \u00e9lectronique;<\/p><\/li><li><p>Donn\u00e9es relatives \u00e0 vos activit\u00e9s sur le site web de Tim Roos Advocatuur;<\/p><\/li><li><p>Num\u00e9ro de compte bancaire, num\u00e9ro de TVA.<\/p><\/li><\/ul>\t\t\t\t\t\t\t\t<\/div>\n\t\t\t\t<\/div>\n\t\t\t\t<div class=\"elementor-element elementor-element-13721e5 elementor-widget elementor-widget-text-editor\" data-id=\"13721e5\" data-element_type=\"widget\" data-e-type=\"widget\" data-widget_type=\"text-editor.default\">\n\t\t\t\t<div class=\"elementor-widget-container\">\n\t\t\t\t\t\t\t\t\tLes donn\u00e9es sp\u00e9ciales (concernant la sant\u00e9 et\/ou le casier judiciaire, ainsi que des donn\u00e9es telles que le num\u00e9ro d'identification du citoyen (BSN), la copie de la carte d'identit\u00e9) ne peuvent \u00eatre collect\u00e9es au niveau du dossier que dans le cadre du traitement des affaires.\n\t\t\t\t\t\t\t\t<\/div>\n\t\t\t\t<\/div>\n\t\t\t\t<div class=\"elementor-element elementor-element-42479676 elementor-widget elementor-widget-heading\" data-id=\"42479676\" data-element_type=\"widget\" data-e-type=\"widget\" data-widget_type=\"heading.default\">\n\t\t\t\t<div class=\"elementor-widget-container\">\n\t\t\t\t\t<h2 class=\"elementor-heading-title elementor-size-default\">finalit\u00e9 et base \n<\/h2>\t\t\t\t<\/div>\n\t\t\t\t<\/div>\n\t\t\t\t<div class=\"elementor-element elementor-element-6b8881a elementor-widget elementor-widget-text-editor\" data-id=\"6b8881a\" data-element_type=\"widget\" data-e-type=\"widget\" data-widget_type=\"text-editor.default\">\n\t\t\t\t<div class=\"elementor-widget-container\">\n\t\t\t\t\t\t\t\t\tVos donn\u00e9es personnelles sont trait\u00e9es aux fins suivantes : \n\t\t\t\t\t\t\t\t<\/div>\n\t\t\t\t<\/div>\n\t\t\t\t<div class=\"elementor-element elementor-element-ccf6697 elementor-widget elementor-widget-text-editor\" data-id=\"ccf6697\" data-element_type=\"widget\" data-e-type=\"widget\" data-widget_type=\"text-editor.default\">\n\t\t\t\t<div class=\"elementor-widget-container\">\n\t\t\t\t\t\t\t\t\t<ul><li><p>la mission qui nous est confi\u00e9e;<\/p><\/li><li><p>la communication avec le client dans le cadre du traitement de son dossier.<\/p><\/li><\/ul>\t\t\t\t\t\t\t\t<\/div>\n\t\t\t\t<\/div>\n\t\t\t\t<div class=\"elementor-element elementor-element-b2b8360 elementor-widget elementor-widget-text-editor\" data-id=\"b2b8360\" data-element_type=\"widget\" data-e-type=\"widget\" data-widget_type=\"text-editor.default\">\n\t\t\t\t<div class=\"elementor-widget-container\">\n\t\t\t\t\t\t\t\t\tTim Roos Advocatuur traite \u00e9galement des donn\u00e9es \u00e0 caract\u00e8re personnel s\u2019il est l\u00e9galement tenu de le faire, telles que les donn\u00e9es dont il a besoin pour se conformer \u00e0 la Wwft (loi relative \u00e0 la pr\u00e9vention du blanchiment de capitaux et du financement du terrorisme), aux r\u00e8glements et codes connexes ainsi que pour se conformer \u00e0 l'Advocatenwet (la loi sur les avocats) et \u00e0 la r\u00e9glementation en vigueur. \n\t\t\t\t\t\t\t\t<\/div>\n\t\t\t\t<\/div>\n\t\t\t\t<div class=\"elementor-element elementor-element-72c2dc74 elementor-widget elementor-widget-heading\" data-id=\"72c2dc74\" data-element_type=\"widget\" data-e-type=\"widget\" data-widget_type=\"heading.default\">\n\t\t\t\t<div class=\"elementor-widget-container\">\n\t\t\t\t\t<h2 class=\"elementor-heading-title elementor-size-default\">Prise de d\u00e9cision automatis\u00e9e\n<\/h2>\t\t\t\t<\/div>\n\t\t\t\t<\/div>\n\t\t\t\t<div class=\"elementor-element elementor-element-358d4234 elementor-widget elementor-widget-text-editor\" data-id=\"358d4234\" data-element_type=\"widget\" data-e-type=\"widget\" data-widget_type=\"text-editor.default\">\n\t\t\t\t<div class=\"elementor-widget-container\">\n\t\t\t\t\t\t\t\t\tAucune d\u00e9cision n'est prise sur la base d'un traitement automatis\u00e9 concernant des questions ayant des cons\u00e9quences (consid\u00e9rables) pour les personnes. \n\t\t\t\t\t\t\t\t<\/div>\n\t\t\t\t<\/div>\n\t\t\t\t<div class=\"elementor-element elementor-element-3f7c080f elementor-widget elementor-widget-heading\" data-id=\"3f7c080f\" data-element_type=\"widget\" data-e-type=\"widget\" data-widget_type=\"heading.default\">\n\t\t\t\t<div class=\"elementor-widget-container\">\n\t\t\t\t\t<h2 class=\"elementor-heading-title elementor-size-default\">Dur\u00e9e de conservation\n<\/h2>\t\t\t\t<\/div>\n\t\t\t\t<\/div>\n\t\t\t\t<div class=\"elementor-element elementor-element-04a3249 elementor-widget elementor-widget-text-editor\" data-id=\"04a3249\" data-element_type=\"widget\" data-e-type=\"widget\" data-widget_type=\"text-editor.default\">\n\t\t\t\t<div class=\"elementor-widget-container\">\n\t\t\t\t\t\t\t\t\tVos donn\u00e9es personnelles ne seront pas conserv\u00e9es plus longtemps que n\u00e9cessaire pour r\u00e9aliser les objectifs pour lesquels vos donn\u00e9es sont collect\u00e9es. Les d\u00e9lais de conservation l\u00e9gaux seront respect\u00e9s.\n\t\t\t\t\t\t\t\t<\/div>\n\t\t\t\t<\/div>\n\t\t\t\t<div class=\"elementor-element elementor-element-282a298f elementor-widget elementor-widget-heading\" data-id=\"282a298f\" data-element_type=\"widget\" data-e-type=\"widget\" data-widget_type=\"heading.default\">\n\t\t\t\t<div class=\"elementor-widget-container\">\n\t\t\t\t\t<h2 class=\"elementor-heading-title elementor-size-default\">Partage des donn\u00e9es personnelles avec des tiers\n<\/h2>\t\t\t\t<\/div>\n\t\t\t\t<\/div>\n\t\t\t\t<div class=\"elementor-element elementor-element-df4495a elementor-widget elementor-widget-text-editor\" data-id=\"df4495a\" data-element_type=\"widget\" data-e-type=\"widget\" data-widget_type=\"text-editor.default\">\n\t\t\t\t<div class=\"elementor-widget-container\">\n\t\t\t\t\t\t\t\t\tTim Roos Advocaten ne vendra pas vos donn\u00e9es \u00e0 des tiers et ne les communiquera que si cela est n\u00e9cessaire \u00e0 l'ex\u00e9cution de la mission qui lui est confi\u00e9e ou au respect d'une obligation l\u00e9gale. Avec les entreprises qui traitent vos donn\u00e9es en notre nom, nous avons conclu un accord de sous-traitant pour garantir le m\u00eame niveau de s\u00e9curit\u00e9 et de confidentialit\u00e9 de vos donn\u00e9es. Tim Roos Advocatuur reste responsable de ce traitement.\n\t\t\t\t\t\t\t\t<\/div>\n\t\t\t\t<\/div>\n\t\t\t\t<div class=\"elementor-element elementor-element-672a651c elementor-widget elementor-widget-heading\" data-id=\"672a651c\" data-element_type=\"widget\" data-e-type=\"widget\" data-widget_type=\"heading.default\">\n\t\t\t\t<div class=\"elementor-widget-container\">\n\t\t\t\t\t<h2 class=\"elementor-heading-title elementor-size-default\">Cookies ou techniques similaires que nous utilisons\n<\/h2>\t\t\t\t<\/div>\n\t\t\t\t<\/div>\n\t\t\t\t<div class=\"elementor-element elementor-element-0b1771a elementor-widget elementor-widget-text-editor\" data-id=\"0b1771a\" data-element_type=\"widget\" data-e-type=\"widget\" data-widget_type=\"text-editor.default\">\n\t\t\t\t<div class=\"elementor-widget-container\">\n\t\t\t\t\t\t\t\t\tSur le site web de Tim Roos Advocatuur, des cookies techniques, fonctionnels et analytiques sont install\u00e9s. Un cookie est un petit fichier texte qui est stock\u00e9 sur votre ordinateur, votre tablette ou votre smartphone lorsque vous visitez ce site web pour la premi\u00e8re fois. Ces cookies peuvent \u00eatre n\u00e9cessaires pour le fonctionnement technique du site web et votre facilit\u00e9 d'utilisation. Ils garantissent le bon fonctionnement du site web et se souviennent, par exemple, de vos pr\u00e9f\u00e9rences. Ils permettent \u00e9galement d'optimiser le site web. Vous pouvez vous d\u00e9sinscrire des cookies en configurant votre navigateur Internet de mani\u00e8re \u00e0 ce qu'il n'enregistre plus de cookies. En outre, vous pouvez supprimer toutes les informations qui ont \u00e9t\u00e9 enregistr\u00e9es pr\u00e9c\u00e9demment en utilisant les param\u00e8tres de votre navigateur.\n\t\t\t\t\t\t\t\t<\/div>\n\t\t\t\t<\/div>\n\t\t\t\t<div class=\"elementor-element elementor-element-fb1bfea elementor-widget elementor-widget-heading\" data-id=\"fb1bfea\" data-element_type=\"widget\" data-e-type=\"widget\" data-widget_type=\"heading.default\">\n\t\t\t\t<div class=\"elementor-widget-container\">\n\t\t\t\t\t<h2 class=\"elementor-heading-title elementor-size-default\">Consultation, modification ou suppression des donn\u00e9es\n<\/h2>\t\t\t\t<\/div>\n\t\t\t\t<\/div>\n\t\t\t\t<div class=\"elementor-element elementor-element-a53ad40 elementor-widget elementor-widget-text-editor\" data-id=\"a53ad40\" data-element_type=\"widget\" data-e-type=\"widget\" data-widget_type=\"text-editor.default\">\n\t\t\t\t<div class=\"elementor-widget-container\">\n\t\t\t\t\t\t\t\t\tVous avez le droit de consulter, de corriger ou de supprimer vos donn\u00e9es personnelles. En outre, vous avez le droit de retirer votre consentement au traitement des donn\u00e9es ou de vous opposer au traitement de vos donn\u00e9es \u00e0 caract\u00e8re personnel par Tim Roos Advocatuur et vous avez le droit \u00e0 la portabilit\u00e9 des donn\u00e9es. Cela signifie que vous pouvez soumettre une demande de transfert des donn\u00e9es personnelles de Tim Roos Advocatuur dans un fichier informatique vers vous ou une autre organisation que vous avez d\u00e9sign\u00e9e.\nVous pouvez demander \u00e0 inspecter, corriger, supprimer, transf\u00e9rer vos donn\u00e9es personnelles ou demander ou demander \u00e0 retirer votre autorisation ou votre objection au traitement de vos donn\u00e9es personnelles ; vos donn\u00e9es personnelles \u00e0 privacy@timroos.eu. \nPour vous assurer que la demande a \u00e9t\u00e9 faite par vous, vous devez envoyer une copie de votre preuve d'identit\u00e9 avec la demande.\nDans cette copie, veuillez inclure votre photo d'identit\u00e9, la MRZ (zone de lecture automatique, la bande avec des num\u00e9ros au bas du passeport) le num\u00e9ro du document et le num\u00e9ro d'identification du citoyen (BSN).\nCette proc\u00e9dure est destin\u00e9e \u00e0 prot\u00e9ger votre vie priv\u00e9e. Tim Roos Advocatuur r\u00e9pondra \u00e0 votre demande aussi vite que possible, et au plus tard dans un d\u00e9lai de quatre semaines.\nCe faisant, il doit respecter les droits et obligations que lui conf\u00e8re l'Advocatenwet.\nIl s'agit notamment du devoir de confidentialit\u00e9 et du secret auquel un avocat a droit en sa qualit\u00e9 de\ntitulaire du secret professionnel.\n\t\t\t\t\t\t\t\t<\/div>\n\t\t\t\t<\/div>\n\t\t\t\t<div class=\"elementor-element elementor-element-baec361 elementor-widget elementor-widget-heading\" data-id=\"baec361\" data-element_type=\"widget\" data-e-type=\"widget\" data-widget_type=\"heading.default\">\n\t\t\t\t<div class=\"elementor-widget-container\">\n\t\t\t\t\t<h2 class=\"elementor-heading-title elementor-size-default\">S\u00e9curit\u00e9 des donn\u00e9es personnelles \n<\/h2>\t\t\t\t<\/div>\n\t\t\t\t<\/div>\n\t\t\t\t<div class=\"elementor-element elementor-element-96d5428 elementor-widget elementor-widget-text-editor\" data-id=\"96d5428\" data-element_type=\"widget\" data-e-type=\"widget\" data-widget_type=\"text-editor.default\">\n\t\t\t\t<div class=\"elementor-widget-container\">\n\t\t\t\t\t\t\t\t\t<p>Tim Roos Advocatuur prend au s\u00e9rieux la protection de vos donn\u00e9es et prend des mesures appropri\u00e9es pour pr\u00e9venir les abus, les pertes, les acc\u00e8s non autoris\u00e9s, les divulgations non souhait\u00e9es et les modifications non autoris\u00e9es. Si vous avez l'impression que vos donn\u00e9es ne sont pas correctement s\u00e9curis\u00e9es ou qu'il y a des indices d'abus, veuillez nous contactez-nous via privacy@timroos.eu. <a href=\"mailto:privacy@timroos.eu\">privacy@timroos.eu<\/a>.<\/p>\t\t\t\t\t\t\t\t<\/div>\n\t\t\t\t<\/div>\n\t\t\t\t<div class=\"elementor-element elementor-element-4b9a4666 elementor-widget elementor-widget-heading\" data-id=\"4b9a4666\" data-element_type=\"widget\" data-e-type=\"widget\" data-widget_type=\"heading.default\">\n\t\t\t\t<div class=\"elementor-widget-container\">\n\t\t\t\t\t<h2 class=\"elementor-heading-title elementor-size-default\">Plaintes<\/h2>\t\t\t\t<\/div>\n\t\t\t\t<\/div>\n\t\t\t\t<div class=\"elementor-element elementor-element-f01cac9 elementor-widget elementor-widget-text-editor\" data-id=\"f01cac9\" data-element_type=\"widget\" data-e-type=\"widget\" data-widget_type=\"text-editor.default\">\n\t\t\t\t<div class=\"elementor-widget-container\">\n\t\t\t\t\t\t\t\t\tVous avez toujours la possibilit\u00e9 d'introduire une plainte aupr\u00e8s de l'autorit\u00e9 de contr\u00f4le nationale, l'autorit\u00e9 n\u00e9erlandaise charg\u00e9e des donn\u00e9es personnelles, Bezuka.\nAutorit\u00e9 n\u00e9erlandaise des donn\u00e9es personnelles, Bezuidenhoutseweg 30, 2594 AV La Haye.\n\t\t\t\t\t\t\t\t<\/div>\n\t\t\t\t<\/div>\n\t\t\t\t<div class=\"elementor-element elementor-element-78a8cc4 elementor-widget elementor-widget-post-info\" data-id=\"78a8cc4\" data-element_type=\"widget\" data-e-type=\"widget\" data-widget_type=\"post-info.default\">\n\t\t\t\t<div class=\"elementor-widget-container\">\n\t\t\t\t\t\t\t<ul class=\"elementor-inline-items elementor-icon-list-items elementor-post-info\">\n\t\t\t\t\t\t\t\t<li class=\"elementor-icon-list-item elementor-repeater-item-a583289 elementor-inline-item\" itemprop=\"datePublished\">\n\t\t\t\t\t\t<a href=\"https:\/\/timroos.eu\/fr\/2021\/10\/28\/\">\n\t\t\t\t\t\t\t\t\t\t\t<span class=\"elementor-icon-list-icon\">\n\t\t\t\t\t\t\t\t<i aria-hidden=\"true\" class=\"fas fa-calendar\"><\/i>\t\t\t\t\t\t\t<\/span>\n\t\t\t\t\t\t\t\t\t<span class=\"elementor-icon-list-text elementor-post-info__item elementor-post-info__item--type-date\">\n\t\t\t\t\t\t\t<span class=\"elementor-post-info__item-prefix\">Derni\u00e8re modification le<\/span>\n\t\t\t\t\t\t\t\t\t\t<time>10\/28\/2021<\/time>\t\t\t\t\t<\/span>\n\t\t\t\t\t\t\t\t\t<\/a>\n\t\t\t\t<\/li>\n\t\t\t\t<\/ul>\n\t\t\t\t\t\t<\/div>\n\t\t\t\t<\/div>\n\t\t\t\t\t<\/div>\n\t\t<\/div>\n\t\t\t\t\t<\/div>\n\t\t<\/section>\n\t\t\t\t<section class=\"elementor-section elementor-top-section elementor-element elementor-element-1a416373 elementor-section-boxed elementor-section-height-default elementor-section-height-default\" data-id=\"1a416373\" data-element_type=\"section\" data-e-type=\"section\" data-settings=\"{&quot;jet_parallax_layout_list&quot;:[]}\">\n\t\t\t\t\t\t<div class=\"elementor-container elementor-column-gap-default\">\n\t\t\t\t\t<div class=\"elementor-column elementor-col-50 elementor-top-column elementor-element elementor-element-7ea8da27\" data-id=\"7ea8da27\" data-element_type=\"column\" data-e-type=\"column\">\n\t\t\t<div class=\"elementor-widget-wrap elementor-element-populated\">\n\t\t\t\t\t\t<div class=\"elementor-element elementor-element-7079c257 elementor-widget elementor-widget-heading\" data-id=\"7079c257\" data-element_type=\"widget\" data-e-type=\"widget\" data-widget_type=\"heading.default\">\n\t\t\t\t<div class=\"elementor-widget-container\">\n\t\t\t\t\t<h2 class=\"elementor-heading-title elementor-size-default translation-block\">vers des t\u00e9l\u00e9chargements<\/h2>\t\t\t\t<\/div>\n\t\t\t\t<\/div>\n\t\t\t\t<div class=\"elementor-element elementor-element-47b73655 elementor-align-left elementor-widget elementor-widget-button\" data-id=\"47b73655\" data-element_type=\"widget\" data-e-type=\"widget\" data-widget_type=\"button.default\">\n\t\t\t\t<div class=\"elementor-widget-container\">\n\t\t\t\t\t\t\t\t\t<div class=\"elementor-button-wrapper\">\n\t\t\t\t\t<a class=\"elementor-button elementor-button-link elementor-size-sm\" href=\"https:\/\/timroos.eu\/fr\/documenten\/\">\n\t\t\t\t\t\t<span class=\"elementor-button-content-wrapper\">\n\t\t\t\t\t\t<span class=\"elementor-button-icon\">\n\t\t\t\t<i aria-hidden=\"true\" class=\"fas fa-chevron-right\"><\/i>\t\t\t<\/span>\n\t\t\t\t\t\t\t\t\t<span class=\"elementor-button-text\">vers des t\u00e9l\u00e9chargements<\/span>\n\t\t\t\t\t<\/span>\n\t\t\t\t\t<\/a>\n\t\t\t\t<\/div>\n\t\t\t\t\t\t\t\t<\/div>\n\t\t\t\t<\/div>\n\t\t\t\t\t<\/div>\n\t\t<\/div>\n\t\t\t\t<div class=\"elementor-column elementor-col-50 elementor-top-column elementor-element elementor-element-28c39f3a\" data-id=\"28c39f3a\" data-element_type=\"column\" data-e-type=\"column\">\n\t\t\t<div class=\"elementor-widget-wrap\">\n\t\t\t\t\t\t\t<\/div>\n\t\t<\/div>\n\t\t\t\t\t<\/div>\n\t\t<\/section>\n\t\t\t\t<\/div>","protected":false},"excerpt":{"rendered":"<p>Privacy Verklaring Tim Roos Advocatuur, gevestigd te Rotterdam, is verantwoordelijk voor de verwerking van persoonsgegevens zoals weergegeven in deze privacyverklaring. Contactgegevens:Tim Roos AdvocatuurFascinatio Boulevard 522, Unit 1.172909VA Capelle a\/d IJsselI: www.timroos.euT: +31 10 268 19 16M: +6 54 68 67 61 Persoonsgegevens die worden verwerkt Tim Roos Advocatuur verwerkt uw persoonsgegevens doordat u gebruik maakt [&hellip;]<\/p>\n","protected":false},"author":4,"featured_media":1804,"parent":1541,"menu_order":0,"comment_status":"closed","ping_status":"closed","template":"elementor_header_footer","meta":{"_acf_changed":false,"footnotes":""},"class_list":["post-1563","page","type-page","status-publish","has-post-thumbnail","hentry"],"acf":[],"_links":{"self":[{"href":"https:\/\/timroos.eu\/fr\/wp-json\/wp\/v2\/pages\/1563","targetHints":{"allow":["GET"]}}],"collection":[{"href":"https:\/\/timroos.eu\/fr\/wp-json\/wp\/v2\/pages"}],"about":[{"href":"https:\/\/timroos.eu\/fr\/wp-json\/wp\/v2\/types\/page"}],"author":[{"embeddable":true,"href":"https:\/\/timroos.eu\/fr\/wp-json\/wp\/v2\/users\/4"}],"replies":[{"embeddable":true,"href":"https:\/\/timroos.eu\/fr\/wp-json\/wp\/v2\/comments?post=1563"}],"version-history":[{"count":5,"href":"https:\/\/timroos.eu\/fr\/wp-json\/wp\/v2\/pages\/1563\/revisions"}],"predecessor-version":[{"id":2005,"href":"https:\/\/timroos.eu\/fr\/wp-json\/wp\/v2\/pages\/1563\/revisions\/2005"}],"up":[{"embeddable":true,"href":"https:\/\/timroos.eu\/fr\/wp-json\/wp\/v2\/pages\/1541"}],"wp:featuredmedia":[{"embeddable":true,"href":"https:\/\/timroos.eu\/fr\/wp-json\/wp\/v2\/media\/1804"}],"wp:attachment":[{"href":"https:\/\/timroos.eu\/fr\/wp-json\/wp\/v2\/media?parent=1563"}],"curies":[{"name":"wp","href":"https:\/\/api.w.org\/{rel}","templated":true}]}}