{"id":1479,"date":"2021-10-28T14:49:32","date_gmt":"2021-10-28T12:49:32","guid":{"rendered":"http:\/\/timroos.eu\/?page_id=1479"},"modified":"2026-02-03T01:41:35","modified_gmt":"2026-02-02T23:41:35","slug":"klachtenregeling","status":"publish","type":"page","link":"https:\/\/timroos.eu\/fr\/documenten\/klachtenregeling\/","title":{"rendered":"Proc\u00e9dure de plainte"},"content":{"rendered":"<div data-elementor-type=\"wp-page\" data-elementor-id=\"1479\" class=\"elementor elementor-1479\" data-elementor-post-type=\"page\">\n\t\t\t\t\t\t<section class=\"elementor-section elementor-top-section elementor-element elementor-element-706fbd5b elementor-section-boxed elementor-section-height-default elementor-section-height-default\" data-id=\"706fbd5b\" data-element_type=\"section\" data-e-type=\"section\" data-settings=\"{&quot;jet_parallax_layout_list&quot;:[]}\">\n\t\t\t\t\t\t<div class=\"elementor-container elementor-column-gap-default\">\n\t\t\t\t\t<div class=\"elementor-column elementor-col-50 elementor-top-column elementor-element elementor-element-662e8c64\" data-id=\"662e8c64\" data-element_type=\"column\" data-e-type=\"column\">\n\t\t\t<div class=\"elementor-widget-wrap elementor-element-populated\">\n\t\t\t\t\t\t<div class=\"elementor-element elementor-element-4544cfe2 elementor-widget elementor-widget-heading\" data-id=\"4544cfe2\" data-element_type=\"widget\" data-e-type=\"widget\" data-widget_type=\"heading.default\">\n\t\t\t\t<div class=\"elementor-widget-container\">\n\t\t\t\t\t<h1 class=\"elementor-heading-title elementor-size-default\">Klachtenregeling<\/h1>\t\t\t\t<\/div>\n\t\t\t\t<\/div>\n\t\t\t\t<div class=\"elementor-element elementor-element-212f0bb6 elementor-widget elementor-widget-post-info\" data-id=\"212f0bb6\" data-element_type=\"widget\" data-e-type=\"widget\" data-widget_type=\"post-info.default\">\n\t\t\t\t<div class=\"elementor-widget-container\">\n\t\t\t\t\t\t\t<ul class=\"elementor-inline-items elementor-icon-list-items elementor-post-info\">\n\t\t\t\t\t\t\t\t<li class=\"elementor-icon-list-item elementor-repeater-item-a583289 elementor-inline-item\">\n\t\t\t\t\t\t\t\t\t\t<span class=\"elementor-icon-list-icon\">\n\t\t\t\t\t\t\t\t<i aria-hidden=\"true\" class=\"far fa-tags\"><\/i>\t\t\t\t\t\t\t<\/span>\n\t\t\t\t\t\t\t\t\t<span class=\"elementor-icon-list-text elementor-post-info__item elementor-post-info__item--type-custom\">\n\t\t\t\t\t\t\t\t\t\t7 avril 2026 14:38\t\t\t\t\t<\/span>\n\t\t\t\t\t\t\t\t<\/li>\n\t\t\t\t<\/ul>\n\t\t\t\t\t\t<\/div>\n\t\t\t\t<\/div>\n\t\t\t\t\t<\/div>\n\t\t<\/div>\n\t\t\t\t<div class=\"elementor-column elementor-col-50 elementor-top-column elementor-element elementor-element-22a13205\" data-id=\"22a13205\" data-element_type=\"column\" data-e-type=\"column\">\n\t\t\t<div class=\"elementor-widget-wrap\">\n\t\t\t\t\t\t\t<\/div>\n\t\t<\/div>\n\t\t\t\t\t<\/div>\n\t\t<\/section>\n\t\t\t\t<section class=\"elementor-section elementor-top-section elementor-element elementor-element-5b080439 elementor-section-boxed elementor-section-height-default elementor-section-height-default\" data-id=\"5b080439\" data-element_type=\"section\" data-e-type=\"section\" data-settings=\"{&quot;jet_parallax_layout_list&quot;:[]}\">\n\t\t\t\t\t\t<div class=\"elementor-container elementor-column-gap-default\">\n\t\t\t\t\t<div class=\"elementor-column elementor-col-100 elementor-top-column elementor-element elementor-element-571e55d\" data-id=\"571e55d\" data-element_type=\"column\" data-e-type=\"column\">\n\t\t\t<div class=\"elementor-widget-wrap elementor-element-populated\">\n\t\t\t\t\t\t<div class=\"elementor-element elementor-element-4965fca elementor-widget elementor-widget-heading\" data-id=\"4965fca\" data-element_type=\"widget\" data-e-type=\"widget\" data-widget_type=\"heading.default\">\n\t\t\t\t<div class=\"elementor-widget-container\">\n\t\t\t\t\t<h2 class=\"elementor-heading-title elementor-size-default\">Article 1 : - D\u00e9finitions\n<\/h2>\t\t\t\t<\/div>\n\t\t\t\t<\/div>\n\t\t\t\t<div class=\"elementor-element elementor-element-5da534b elementor-widget elementor-widget-text-editor\" data-id=\"5da534b\" data-element_type=\"widget\" data-e-type=\"widget\" data-widget_type=\"text-editor.default\">\n\t\t\t\t<div class=\"elementor-widget-container\">\n\t\t\t\t\t\t\t\t\tDans le cadre de la pr\u00e9sente proc\u00e9dure de plainte du cabinet, les d\u00e9finitions suivantes s'appliquent : \n\t\t\t\t\t\t\t\t<\/div>\n\t\t\t\t<\/div>\n\t\t\t\t<div class=\"elementor-element elementor-element-ce92a13 elementor-widget elementor-widget-text-editor\" data-id=\"ce92a13\" data-element_type=\"widget\" data-e-type=\"widget\" data-widget_type=\"text-editor.default\">\n\t\t\t\t<div class=\"elementor-widget-container\">\n\t\t\t\t\t\t\t\t\t<ul>\n \t<li class=\"translation-block\"><em>Plainte<\/em> : toute expression \u00e9crite de m\u00e9contentement du client vis-\u00e0-vis de l'avocat ou des personnes travaillant sous sa responsabilit\u00e9 concernant la conclusion et l'ex\u00e9cution d'un contrat de services, la qualit\u00e9 des services ou le montant de la facture, ne constituant pas une plainte au sens du paragraphe 4 de la loi sur les avocats (Advocatenwet);<\/li>\n \t<li class=\"translation-block\"><em>Plaignant<\/em> : le client qui exprime une plainte ou son repr\u00e9sentant.<\/li>\n \t<li><em>klachtenfunctionaris:<\/em> de in art. 5  aangewezen persoon, zelf ook advocaat, die is belast met de afhandeling van klachten tegen de advocaat;<\/li>\n \t<li class=\"translation-block\">\u2022\tl'avocat : Me T. Roos<\/li>\n<\/ul>\t\t\t\t\t\t\t\t<\/div>\n\t\t\t\t<\/div>\n\t\t\t\t<div class=\"elementor-element elementor-element-6c1bb1e elementor-widget elementor-widget-heading\" data-id=\"6c1bb1e\" data-element_type=\"widget\" data-e-type=\"widget\" data-widget_type=\"heading.default\">\n\t\t\t\t<div class=\"elementor-widget-container\">\n\t\t\t\t\t<h2 class=\"elementor-heading-title elementor-size-default\">Article 2 - Champ d'application\n<\/h2>\t\t\t\t<\/div>\n\t\t\t\t<\/div>\n\t\t\t\t<div class=\"elementor-element elementor-element-880c14e elementor-widget elementor-widget-text-editor\" data-id=\"880c14e\" data-element_type=\"widget\" data-e-type=\"widget\" data-widget_type=\"text-editor.default\">\n\t\t\t\t<div class=\"elementor-widget-container\">\n\t\t\t\t\t\t\t\t\t<ol><li>La pr\u00e9sente proc\u00e9dure de plainte s'applique \u00e0 tout contrat de services entre l'avocat et le client.<\/li><li>L'avocat s'occupe des plaintes conform\u00e9ment \u00e0 la proc\u00e9dure de plainte du cabinet.<\/li><\/ol>\t\t\t\t\t\t\t\t<\/div>\n\t\t\t\t<\/div>\n\t\t\t\t<div class=\"elementor-element elementor-element-00ea0dd elementor-widget elementor-widget-heading\" data-id=\"00ea0dd\" data-element_type=\"widget\" data-e-type=\"widget\" data-widget_type=\"heading.default\">\n\t\t\t\t<div class=\"elementor-widget-container\">\n\t\t\t\t\t<h2 class=\"elementor-heading-title elementor-size-default\">Article 3 - Objectifs\n<\/h2>\t\t\t\t<\/div>\n\t\t\t\t<\/div>\n\t\t\t\t<div class=\"elementor-element elementor-element-4c485e2 elementor-widget elementor-widget-text-editor\" data-id=\"4c485e2\" data-element_type=\"widget\" data-e-type=\"widget\" data-widget_type=\"text-editor.default\">\n\t\t\t\t<div class=\"elementor-widget-container\">\n\t\t\t\t\t\t\t\t\tLes objectifs de la proc\u00e9dure de plainte du cabinet sont les suivants\u00a0: \n\t\t\t\t\t\t\t\t<\/div>\n\t\t\t\t<\/div>\n\t\t\t\t<div class=\"elementor-element elementor-element-4807167 elementor-widget elementor-widget-text-editor\" data-id=\"4807167\" data-element_type=\"widget\" data-e-type=\"widget\" data-widget_type=\"text-editor.default\">\n\t\t\t\t<div class=\"elementor-widget-container\">\n\t\t\t\t\t\t\t\t\t<ol><li>enregistrer une proc\u00e9dure permettant de traiter les plaintes des clients de mani\u00e8re constructive dans un d\u00e9lai raisonnable ;<\/li><li>l\u2019enregistrement d'une proc\u00e9dure permettant d'\u00e9tablir les causes des plaintes des clients ;<\/li><li>maintenir et am\u00e9liorer les contacts avec les clients existants en traitant les plaintes de mani\u00e8re appropri\u00e9e.<\/li><li>former les employ\u00e9s \u00e0 une approche ax\u00e9e sur le client dans le traitement des plaintes<\/li><li>am\u00e9liorer la qualit\u00e9 des services par le biais du traitement des plaintes et l'analyse des plaintes.<\/li><\/ol>\t\t\t\t\t\t\t\t<\/div>\n\t\t\t\t<\/div>\n\t\t\t\t<div class=\"elementor-element elementor-element-0b052cf elementor-widget elementor-widget-heading\" data-id=\"0b052cf\" data-element_type=\"widget\" data-e-type=\"widget\" data-widget_type=\"heading.default\">\n\t\t\t\t<div class=\"elementor-widget-container\">\n\t\t\t\t\t<h2 class=\"elementor-heading-title elementor-size-default\">Article 4 - Information au d\u00e9but de la prestation de services\n<\/h2>\t\t\t\t<\/div>\n\t\t\t\t<\/div>\n\t\t\t\t<div class=\"elementor-element elementor-element-4e098c8 elementor-widget elementor-widget-text-editor\" data-id=\"4e098c8\" data-element_type=\"widget\" data-e-type=\"widget\" data-widget_type=\"text-editor.default\">\n\t\t\t\t<div class=\"elementor-widget-container\">\n\t\t\t\t\t\t\t\t\t<ol><li><p>\u00a0\u00a0\u00a0\u00a0\u00a0\u00a0\u00a0\u00a0\u00a0\u00a0\u00a0\u00a0\u00a0\u00a0\u00a0\u00a0\u00a0 La pr\u00e9sente proc\u00e9dure de plainte du cabinet est rendue publique par sa publication sur le site Internet de Tim Roos Advocatuur. Avant de conclure le contrat de prestation de services professionnels, l'avocat informera le client que le cabinet dispose d'une proc\u00e9dure de plainte et que celle-ci est applicable aux services fournis, et l'enverra au client si n\u00e9cessaire.<\/p><ol start=\"2\"><li>Les plaintes vis\u00e9es \u00e0 l'article 1 de la pr\u00e9sente proc\u00e9dure de plainte du cabinet qui n'ont pas \u00e9t\u00e9 r\u00e9solues apr\u00e8s traitement sont soumises au b\u00e2tonnier de l'arrondissement de Rotterdam. Le droit n\u00e9erlandais est applicable.<\/li><\/ol><\/li><\/ol>\t\t\t\t\t\t\t\t<\/div>\n\t\t\t\t<\/div>\n\t\t\t\t<div class=\"elementor-element elementor-element-d953a4d elementor-widget elementor-widget-heading\" data-id=\"d953a4d\" data-element_type=\"widget\" data-e-type=\"widget\" data-widget_type=\"heading.default\">\n\t\t\t\t<div class=\"elementor-widget-container\">\n\t\t\t\t\t<h2 class=\"elementor-heading-title elementor-size-default\">Article 5 - La proc\u00e9dure interne de plainte\n<\/h2>\t\t\t\t<\/div>\n\t\t\t\t<\/div>\n\t\t\t\t<div class=\"elementor-element elementor-element-e798429 elementor-widget elementor-widget-text-editor\" data-id=\"e798429\" data-element_type=\"widget\" data-e-type=\"widget\" data-widget_type=\"text-editor.default\">\n\t\t\t\t<div class=\"elementor-widget-container\">\n\t\t\t\t\t\t\t\t\t<ol>\n \t<li>Indien een cli\u00ebnt het kantoor benadert met een klacht, dan wordt de klacht doorgeleid naar mr. P.E. van Dam (Van Dam + Lolkema Advocaten; https:\/\/www.vandamlolkema.nl\/) , die daarmee optreedt als klachtenfunctionaris.<\/li>\n \t<li>De klachtenfunctionaris stelt de klager in de gelegenheid een toelichting te geven op de klacht.<\/li>\n \t<li>De klachtenfunctionaris tracht samen met de cli\u00ebnt tot een oplossing te komen.<\/li>\n \t<li>De klachtenfunctionaris handelt de klacht af binnen vier weken na ontvangst van de klacht of doet met opgave van redenen mededeling aan de klager over afwijking van deze termijn met vermelding van de termijn waarbinnen wel een oordeel over de klacht wordt gegeven.<\/li>\n \t<li>De klachtenfunctionaris stelt de klager schriftelijk op de hoogte van het oordeel over de gegrondheid van de klacht, al dan niet vergezeld van aanbevelingen.<\/li>\n \t<li>Indien de klacht naar tevredenheid is afgehandeld, tekenen de klager, de klachtenfunctionaris en de advocaat het oordeel over de gegrondheid van de klacht.<\/li>\n<\/ol>\t\t\t\t\t\t\t\t<\/div>\n\t\t\t\t<\/div>\n\t\t\t\t<div class=\"elementor-element elementor-element-0432b7a elementor-widget elementor-widget-heading\" data-id=\"0432b7a\" data-element_type=\"widget\" data-e-type=\"widget\" data-widget_type=\"heading.default\">\n\t\t\t\t<div class=\"elementor-widget-container\">\n\t\t\t\t\t<h2 class=\"elementor-heading-title elementor-size-default\">Article 6 - Confidentialit\u00e9 et traitement gratuit des plaintes\n<\/h2>\t\t\t\t<\/div>\n\t\t\t\t<\/div>\n\t\t\t\t<div class=\"elementor-element elementor-element-189a5d0 elementor-widget elementor-widget-text-editor\" data-id=\"189a5d0\" data-element_type=\"widget\" data-e-type=\"widget\" data-widget_type=\"text-editor.default\">\n\t\t\t\t<div class=\"elementor-widget-container\">\n\t\t\t\t\t\t\t\t\t<ol>\n \t<li>De klachtenfunctionaris en de advocaat nemen bij de klachtbehandeling geheimhouding in acht.<\/li>\n \t<li>Le plaignant n'est redevable d'aucune indemnit\u00e9 pour les frais de traitement de la plainte.<\/li>\n<\/ol>\t\t\t\t\t\t\t\t<\/div>\n\t\t\t\t<\/div>\n\t\t\t\t<div class=\"elementor-element elementor-element-9e98bb0 elementor-widget elementor-widget-heading\" data-id=\"9e98bb0\" data-element_type=\"widget\" data-e-type=\"widget\" data-widget_type=\"heading.default\">\n\t\t\t\t<div class=\"elementor-widget-container\">\n\t\t\t\t\t<h2 class=\"elementor-heading-title elementor-size-default\">Article 7 - responsabilit\u00e9s\n<\/h2>\t\t\t\t<\/div>\n\t\t\t\t<\/div>\n\t\t\t\t<div class=\"elementor-element elementor-element-30f7592 elementor-widget elementor-widget-text-editor\" data-id=\"30f7592\" data-element_type=\"widget\" data-e-type=\"widget\" data-widget_type=\"text-editor.default\">\n\t\t\t\t<div class=\"elementor-widget-container\">\n\t\t\t\t\t\t\t\t\t<ol>\n \t<li>De klachtenfunctionaris is verantwoordelijk voor de tijdige afhandeling van de klacht.<\/li>\n \t<li class=\"li1\">De advocaat houdt de klachtenfunctionaris op de hoogte over eventueel contact en mogelijke oplossing.<\/li>\n \t<li>De klachtenfunctionaris houdt de klager op de hoogte over de afhandeling van de klacht.<\/li>\n \t<li>De klachtenfunctionaris houdt het klachtdossier bij.<\/li>\n<\/ol>\t\t\t\t\t\t\t\t<\/div>\n\t\t\t\t<\/div>\n\t\t\t\t<div class=\"elementor-element elementor-element-ef04bee elementor-widget elementor-widget-heading\" data-id=\"ef04bee\" data-element_type=\"widget\" data-e-type=\"widget\" data-widget_type=\"heading.default\">\n\t\t\t\t<div class=\"elementor-widget-container\">\n\t\t\t\t\t<h2 class=\"elementor-heading-title elementor-size-default\">Article 8 - Enregistrement de la plainte\n<\/h2>\t\t\t\t<\/div>\n\t\t\t\t<\/div>\n\t\t\t\t<div class=\"elementor-element elementor-element-8ff2c70 elementor-widget elementor-widget-text-editor\" data-id=\"8ff2c70\" data-element_type=\"widget\" data-e-type=\"widget\" data-widget_type=\"text-editor.default\">\n\t\t\t\t<div class=\"elementor-widget-container\">\n\t\t\t\t\t\t\t\t\t<ol><li>De advocaat registreert de klacht met daarbij het klachtonderwerp.<\/li><\/ol>\t\t\t\t\t\t\t\t<\/div>\n\t\t\t\t<\/div>\n\t\t\t\t<div class=\"elementor-element elementor-element-376548a3 elementor-widget elementor-widget-post-info\" data-id=\"376548a3\" data-element_type=\"widget\" data-e-type=\"widget\" data-widget_type=\"post-info.default\">\n\t\t\t\t<div class=\"elementor-widget-container\">\n\t\t\t\t\t\t\t<ul class=\"elementor-inline-items elementor-icon-list-items elementor-post-info\">\n\t\t\t\t\t\t\t\t<li class=\"elementor-icon-list-item elementor-repeater-item-a583289 elementor-inline-item\">\n\t\t\t\t\t\t\t\t\t\t<span class=\"elementor-icon-list-icon\">\n\t\t\t\t\t\t\t\t<i aria-hidden=\"true\" class=\"far fa-tags\"><\/i>\t\t\t\t\t\t\t<\/span>\n\t\t\t\t\t\t\t\t\t<span class=\"elementor-icon-list-text elementor-post-info__item elementor-post-info__item--type-custom\">\n\t\t\t\t\t\t\t\t\t\t7 avril 2026 14:38\t\t\t\t\t<\/span>\n\t\t\t\t\t\t\t\t<\/li>\n\t\t\t\t<\/ul>\n\t\t\t\t\t\t<\/div>\n\t\t\t\t<\/div>\n\t\t\t\t\t<\/div>\n\t\t<\/div>\n\t\t\t\t\t<\/div>\n\t\t<\/section>\n\t\t\t\t<section class=\"elementor-section elementor-top-section elementor-element elementor-element-72a3c313 elementor-section-boxed elementor-section-height-default elementor-section-height-default\" data-id=\"72a3c313\" data-element_type=\"section\" data-e-type=\"section\" data-settings=\"{&quot;jet_parallax_layout_list&quot;:[]}\">\n\t\t\t\t\t\t<div class=\"elementor-container elementor-column-gap-default\">\n\t\t\t\t\t<div class=\"elementor-column elementor-col-50 elementor-top-column elementor-element elementor-element-f7aed26\" data-id=\"f7aed26\" data-element_type=\"column\" data-e-type=\"column\">\n\t\t\t<div class=\"elementor-widget-wrap elementor-element-populated\">\n\t\t\t\t\t\t<div class=\"elementor-element elementor-element-5d5e6686 elementor-widget elementor-widget-heading\" data-id=\"5d5e6686\" data-element_type=\"widget\" data-e-type=\"widget\" data-widget_type=\"heading.default\">\n\t\t\t\t<div class=\"elementor-widget-container\">\n\t\t\t\t\t<h2 class=\"elementor-heading-title elementor-size-default translation-block\">vers des t\u00e9l\u00e9chargements<\/h2>\t\t\t\t<\/div>\n\t\t\t\t<\/div>\n\t\t\t\t<div class=\"elementor-element elementor-element-7adbe313 elementor-align-left elementor-widget elementor-widget-button\" data-id=\"7adbe313\" data-element_type=\"widget\" data-e-type=\"widget\" data-widget_type=\"button.default\">\n\t\t\t\t<div class=\"elementor-widget-container\">\n\t\t\t\t\t\t\t\t\t<div class=\"elementor-button-wrapper\">\n\t\t\t\t\t<a class=\"elementor-button elementor-button-link elementor-size-sm\" href=\"https:\/\/timroos.eu\/fr\/documenten\/\">\n\t\t\t\t\t\t<span class=\"elementor-button-content-wrapper\">\n\t\t\t\t\t\t<span class=\"elementor-button-icon\">\n\t\t\t\t<i aria-hidden=\"true\" class=\"fas fa-chevron-right\"><\/i>\t\t\t<\/span>\n\t\t\t\t\t\t\t\t\t<span class=\"elementor-button-text\">vers des t\u00e9l\u00e9chargements<\/span>\n\t\t\t\t\t<\/span>\n\t\t\t\t\t<\/a>\n\t\t\t\t<\/div>\n\t\t\t\t\t\t\t\t<\/div>\n\t\t\t\t<\/div>\n\t\t\t\t\t<\/div>\n\t\t<\/div>\n\t\t\t\t<div class=\"elementor-column elementor-col-50 elementor-top-column elementor-element elementor-element-7c78340f\" data-id=\"7c78340f\" data-element_type=\"column\" data-e-type=\"column\">\n\t\t\t<div class=\"elementor-widget-wrap\">\n\t\t\t\t\t\t\t<\/div>\n\t\t<\/div>\n\t\t\t\t\t<\/div>\n\t\t<\/section>\n\t\t\t\t<\/div>","protected":false},"excerpt":{"rendered":"<p>Klachtenregeling Artikel 1 \u2013 begripsbepalingen In deze kantoorklachtenregeling wordt verstaan onder: klacht: iedere schriftelijke uiting van ongenoegen van of namens de cli\u00ebnt jegens de advocaat of de onder diens verantwoordelijkheid werkzame personen over de totstandkoming en de uitvoering van een overeenkomst van opdracht, de kwaliteit van de dienstverlening of de hoogte van de declaratie, niet [&hellip;]<\/p>\n","protected":false},"author":4,"featured_media":1808,"parent":1541,"menu_order":0,"comment_status":"closed","ping_status":"closed","template":"elementor_header_footer","meta":{"_acf_changed":false,"footnotes":""},"class_list":["post-1479","page","type-page","status-publish","has-post-thumbnail","hentry"],"acf":[],"_links":{"self":[{"href":"https:\/\/timroos.eu\/fr\/wp-json\/wp\/v2\/pages\/1479","targetHints":{"allow":["GET"]}}],"collection":[{"href":"https:\/\/timroos.eu\/fr\/wp-json\/wp\/v2\/pages"}],"about":[{"href":"https:\/\/timroos.eu\/fr\/wp-json\/wp\/v2\/types\/page"}],"author":[{"embeddable":true,"href":"https:\/\/timroos.eu\/fr\/wp-json\/wp\/v2\/users\/4"}],"replies":[{"embeddable":true,"href":"https:\/\/timroos.eu\/fr\/wp-json\/wp\/v2\/comments?post=1479"}],"version-history":[{"count":5,"href":"https:\/\/timroos.eu\/fr\/wp-json\/wp\/v2\/pages\/1479\/revisions"}],"predecessor-version":[{"id":2105,"href":"https:\/\/timroos.eu\/fr\/wp-json\/wp\/v2\/pages\/1479\/revisions\/2105"}],"up":[{"embeddable":true,"href":"https:\/\/timroos.eu\/fr\/wp-json\/wp\/v2\/pages\/1541"}],"wp:featuredmedia":[{"embeddable":true,"href":"https:\/\/timroos.eu\/fr\/wp-json\/wp\/v2\/media\/1808"}],"wp:attachment":[{"href":"https:\/\/timroos.eu\/fr\/wp-json\/wp\/v2\/media?parent=1479"}],"curies":[{"name":"wp","href":"https:\/\/api.w.org\/{rel}","templated":true}]}}