{"id":1715,"date":"2021-11-09T18:37:52","date_gmt":"2021-11-09T16:37:52","guid":{"rendered":"https:\/\/timroos.eu\/?page_id=1715"},"modified":"2021-12-13T21:45:21","modified_gmt":"2021-12-13T19:45:21","slug":"verdere-mededelingen","status":"publish","type":"page","link":"https:\/\/timroos.eu\/de\/documenten\/verdere-mededelingen\/","title":{"rendered":"Weitere Mitteilungen"},"content":{"rendered":"<div data-elementor-type=\"wp-page\" data-elementor-id=\"1715\" class=\"elementor elementor-1715\" data-elementor-post-type=\"page\">\n\t\t\t\t\t\t<section class=\"elementor-section elementor-top-section elementor-element elementor-element-446d2278 elementor-section-boxed elementor-section-height-default elementor-section-height-default\" data-id=\"446d2278\" data-element_type=\"section\" data-e-type=\"section\" data-settings=\"{&quot;jet_parallax_layout_list&quot;:[]}\">\n\t\t\t\t\t\t<div class=\"elementor-container elementor-column-gap-default\">\n\t\t\t\t\t<div class=\"elementor-column elementor-col-50 elementor-top-column elementor-element elementor-element-6263df8b\" data-id=\"6263df8b\" data-element_type=\"column\" data-e-type=\"column\">\n\t\t\t<div class=\"elementor-widget-wrap elementor-element-populated\">\n\t\t\t\t\t\t<div class=\"elementor-element elementor-element-71548834 elementor-widget elementor-widget-heading\" data-id=\"71548834\" data-element_type=\"widget\" data-e-type=\"widget\" data-widget_type=\"heading.default\">\n\t\t\t\t<div class=\"elementor-widget-container\">\n\t\t\t\t\t<h1 class=\"elementor-heading-title elementor-size-default\">Weitere Mitteilungen<\/h1>\t\t\t\t<\/div>\n\t\t\t\t<\/div>\n\t\t\t\t<div class=\"elementor-element elementor-element-1d0a7b40 elementor-widget elementor-widget-post-info\" data-id=\"1d0a7b40\" data-element_type=\"widget\" data-e-type=\"widget\" data-widget_type=\"post-info.default\">\n\t\t\t\t<div class=\"elementor-widget-container\">\n\t\t\t\t\t\t\t<ul class=\"elementor-inline-items elementor-icon-list-items elementor-post-info\">\n\t\t\t\t\t\t\t\t<li class=\"elementor-icon-list-item elementor-repeater-item-a583289 elementor-inline-item\" itemprop=\"datePublished\">\n\t\t\t\t\t\t<a href=\"https:\/\/timroos.eu\/de\/2021\/11\/09\/\">\n\t\t\t\t\t\t\t\t\t\t\t<span class=\"elementor-icon-list-icon\">\n\t\t\t\t\t\t\t\t<i aria-hidden=\"true\" class=\"fas fa-calendar\"><\/i>\t\t\t\t\t\t\t<\/span>\n\t\t\t\t\t\t\t\t\t<span class=\"elementor-icon-list-text elementor-post-info__item elementor-post-info__item--type-date\">\n\t\t\t\t\t\t\t<span class=\"elementor-post-info__item-prefix\">Zuletzt bearbeitet am<\/span>\n\t\t\t\t\t\t\t\t\t\t<time>11\/09\/2021<\/time>\t\t\t\t\t<\/span>\n\t\t\t\t\t\t\t\t\t<\/a>\n\t\t\t\t<\/li>\n\t\t\t\t<\/ul>\n\t\t\t\t\t\t<\/div>\n\t\t\t\t<\/div>\n\t\t\t\t\t<\/div>\n\t\t<\/div>\n\t\t\t\t<div class=\"elementor-column elementor-col-50 elementor-top-column elementor-element elementor-element-4f1896cf\" data-id=\"4f1896cf\" data-element_type=\"column\" data-e-type=\"column\">\n\t\t\t<div class=\"elementor-widget-wrap\">\n\t\t\t\t\t\t\t<\/div>\n\t\t<\/div>\n\t\t\t\t\t<\/div>\n\t\t<\/section>\n\t\t\t\t<section class=\"elementor-section elementor-top-section elementor-element elementor-element-1e7913ff elementor-section-boxed elementor-section-height-default elementor-section-height-default\" data-id=\"1e7913ff\" data-element_type=\"section\" data-e-type=\"section\" data-settings=\"{&quot;jet_parallax_layout_list&quot;:[]}\">\n\t\t\t\t\t\t<div class=\"elementor-container elementor-column-gap-default\">\n\t\t\t\t\t<div class=\"elementor-column elementor-col-100 elementor-top-column elementor-element elementor-element-4f0e7d9b\" data-id=\"4f0e7d9b\" data-element_type=\"column\" data-e-type=\"column\">\n\t\t\t<div class=\"elementor-widget-wrap elementor-element-populated\">\n\t\t\t\t\t\t<div class=\"elementor-element elementor-element-65832497 elementor-widget elementor-widget-heading\" data-id=\"65832497\" data-element_type=\"widget\" data-e-type=\"widget\" data-widget_type=\"heading.default\">\n\t\t\t\t<div class=\"elementor-widget-container\">\n\t\t\t\t\t<span class=\"elementor-heading-title elementor-size-default\">Tim Roos Advocatuur<\/span>\t\t\t\t<\/div>\n\t\t\t\t<\/div>\n\t\t\t\t<div class=\"elementor-element elementor-element-752e9bb7 elementor-widget elementor-widget-text-editor\" data-id=\"752e9bb7\" data-element_type=\"widget\" data-e-type=\"widget\" data-widget_type=\"text-editor.default\">\n\t\t\t\t<div class=\"elementor-widget-container\">\n\t\t\t\t\t\t\t\t\t<ul>\n<li>Is de handelsnaam van mr. T. Roos b.v., het eenmanskantoor waarin mr. T. Roos (Tim Roos) de praktijk uitoefent; Tim Roos is als advocaat ingeschreven bij de Nederlandse Orde van Advocaten (<a href=\"https:\/\/www.advocatenorde.nl\/\">https:\/\/www.advocatenorde.nl\/<\/a>).<\/li>\n<\/ul>\n<div>&nbsp;<\/div>\n<ul>\n<li>Tim Roos h\u00e4lt sich an die Regeln der niederl\u00e4ndischen Rechtsanwaltskammer, einschlie\u00dflich des Advocatenwet (Gesetz \u00fcber Rechtsanw\u00e4lte), der Gedragsregels 2018 (Verhaltenskodex) und der Verordening op de advocaat (Verordnung \u00fcber die Rechtsanwaltschaft);<\/li>\n<\/ul>\n<div>&nbsp;<\/div>\n<ul>\n<li>verf\u00fcgt nicht \u00fcber eine Fremdgeld-Stiftung und kann daher keine Fremdgelder annehmen;<\/li>\n<\/ul>\n<div>&nbsp;<\/div>\n<ul>\n<li>hat eine Berufshaftpflichtversicherung bei Allianz Nederland Corporate (Postfach 761, 3000 AT Rotterdam) abgeschlossen, die den Anforderungen der niederl\u00e4ndischen Rechtsanwaltskammer entspricht.<\/li>\n<\/ul>\n<div>&nbsp;<\/div>\n<ul>\n<li>hat f\u00fcr einen Vertreter f\u00fcr den Fall der Abwesenheit gesorgt;<\/li>\n<\/ul>\n<div>&nbsp;<\/div>\n<ul>\n<li class=\"translation-block\">arbeitet unter der Geltung ihrer Allgemeinen Gesch\u00e4ftsbedingungen, die auf dieser Website eingesehen werden k\u00f6nnen (<a href=\"https:\/\/timroos.eu\/de\/documenten\/algemene-voorwaarden\/\" target=\"_blank\" rel=\"noopener\">Link zu den Allgemeinen Gesch\u00e4ftsbedingungen<\/a>); diese Bedingungen enthalten eine Haftungsbeschr\u00e4nkung und legen unter anderem fest, dass Auftr\u00e4ge oder Vereinbarungen mit Tim Roos Advocatuur dem niederl\u00e4ndischen Recht unterliegen und dass der Gerichtsstand Rotterdam ist.<\/li>\n<\/ul>\n<div>&nbsp;<\/div>\n<ul>\n<li class=\"translation-block\">unterliegt ihrer Beschwerderegelung, die auf dieser Website eingesehen werden kann (<a href=\"https:\/\/timroos.eu\/de\/klachtenregeling\" target=\"_blank\" rel=\"noopener\">link zur Beschwerderegelung<\/a>). Wenn eine Beschwerde nicht zu einer L\u00f6sung f\u00fchrt, ist das Gericht Rotterdam zust\u00e4ndig.<\/li>\n<\/ul>\n<div>&nbsp;<\/div>\n<ul>\n<li class=\"translation-block\">heeft in het rechtsgebiedenregister van de Nederlandse orde van advocaten het volgende hoofdrechtsgebied geregistreerd: <br>Algemene praktijk. <br>Op grond van deze registratie is hij verplicht elk kalenderjaar volgens de normen van de Nederlandse Orde van Advocaten tien opleidingspunten te behalen op dit rechtsgebied.<\/li>\n<li style=\"list-style-type: none;\">&nbsp;<\/li>\n<\/ul>\t\t\t\t\t\t\t\t<\/div>\n\t\t\t\t<\/div>\n\t\t\t\t<div class=\"elementor-element elementor-element-212c7a7d elementor-widget elementor-widget-post-info\" data-id=\"212c7a7d\" data-element_type=\"widget\" data-e-type=\"widget\" data-widget_type=\"post-info.default\">\n\t\t\t\t<div class=\"elementor-widget-container\">\n\t\t\t\t\t\t\t<ul class=\"elementor-inline-items elementor-icon-list-items elementor-post-info\">\n\t\t\t\t\t\t\t\t<li class=\"elementor-icon-list-item elementor-repeater-item-a583289 elementor-inline-item\" itemprop=\"datePublished\">\n\t\t\t\t\t\t<a href=\"https:\/\/timroos.eu\/de\/2021\/11\/09\/\">\n\t\t\t\t\t\t\t\t\t\t\t<span class=\"elementor-icon-list-icon\">\n\t\t\t\t\t\t\t\t<i aria-hidden=\"true\" class=\"fas fa-calendar\"><\/i>\t\t\t\t\t\t\t<\/span>\n\t\t\t\t\t\t\t\t\t<span class=\"elementor-icon-list-text elementor-post-info__item elementor-post-info__item--type-date\">\n\t\t\t\t\t\t\t<span class=\"elementor-post-info__item-prefix\">Zuletzt bearbeitet am<\/span>\n\t\t\t\t\t\t\t\t\t\t<time>11\/09\/2021<\/time>\t\t\t\t\t<\/span>\n\t\t\t\t\t\t\t\t\t<\/a>\n\t\t\t\t<\/li>\n\t\t\t\t<\/ul>\n\t\t\t\t\t\t<\/div>\n\t\t\t\t<\/div>\n\t\t\t\t\t<\/div>\n\t\t<\/div>\n\t\t\t\t\t<\/div>\n\t\t<\/section>\n\t\t\t\t<section class=\"elementor-section elementor-top-section elementor-element elementor-element-1a0e81bb elementor-section-boxed elementor-section-height-default elementor-section-height-default\" data-id=\"1a0e81bb\" data-element_type=\"section\" data-e-type=\"section\" data-settings=\"{&quot;jet_parallax_layout_list&quot;:[]}\">\n\t\t\t\t\t\t<div class=\"elementor-container elementor-column-gap-default\">\n\t\t\t\t\t<div class=\"elementor-column elementor-col-50 elementor-top-column elementor-element elementor-element-1997f13c\" data-id=\"1997f13c\" data-element_type=\"column\" data-e-type=\"column\">\n\t\t\t<div class=\"elementor-widget-wrap elementor-element-populated\">\n\t\t\t\t\t\t<div class=\"elementor-element elementor-element-1bb3490f elementor-widget elementor-widget-heading\" data-id=\"1bb3490f\" data-element_type=\"widget\" data-e-type=\"widget\" data-widget_type=\"heading.default\">\n\t\t\t\t<div class=\"elementor-widget-container\">\n\t\t\t\t\t<h2 class=\"elementor-heading-title elementor-size-default translation-block\">Zur\u00fcck zu allen <br>Downloads<\/h2>\t\t\t\t<\/div>\n\t\t\t\t<\/div>\n\t\t\t\t<div class=\"elementor-element elementor-element-28b8e172 elementor-align-left elementor-widget elementor-widget-button\" data-id=\"28b8e172\" data-element_type=\"widget\" data-e-type=\"widget\" data-widget_type=\"button.default\">\n\t\t\t\t<div class=\"elementor-widget-container\">\n\t\t\t\t\t\t\t\t\t<div class=\"elementor-button-wrapper\">\n\t\t\t\t\t<a class=\"elementor-button elementor-button-link elementor-size-sm\" href=\"https:\/\/timroos.eu\/de\/documenten\/\">\n\t\t\t\t\t\t<span class=\"elementor-button-content-wrapper\">\n\t\t\t\t\t\t<span class=\"elementor-button-icon\">\n\t\t\t\t<i aria-hidden=\"true\" class=\"fas fa-chevron-right\"><\/i>\t\t\t<\/span>\n\t\t\t\t\t\t\t\t\t<span class=\"elementor-button-text\">Zur\u00fcck zu downloads<\/span>\n\t\t\t\t\t<\/span>\n\t\t\t\t\t<\/a>\n\t\t\t\t<\/div>\n\t\t\t\t\t\t\t\t<\/div>\n\t\t\t\t<\/div>\n\t\t\t\t\t<\/div>\n\t\t<\/div>\n\t\t\t\t<div class=\"elementor-column elementor-col-50 elementor-top-column elementor-element elementor-element-16cfbbd9\" data-id=\"16cfbbd9\" data-element_type=\"column\" data-e-type=\"column\">\n\t\t\t<div class=\"elementor-widget-wrap\">\n\t\t\t\t\t\t\t<\/div>\n\t\t<\/div>\n\t\t\t\t\t<\/div>\n\t\t<\/section>\n\t\t\t\t<\/div>","protected":false},"excerpt":{"rendered":"<p>Verdere mededelingen Tim Roos Advocatuur Is de handelsnaam van mr. T. Roos b.v., het eenmanskantoor waarin mr. T. Roos (Tim Roos) de praktijk uitoefent; Tim Roos is als advocaat ingeschreven bij de Nederlandse Orde van Advocaten (https:\/\/www.advocatenorde.nl\/). &nbsp; voldoet aan de regels van de Nederlandse Orde van Advocaten, waaronder de Advocatenwet, de Gedragsregels 2018 en [&hellip;]<\/p>\n","protected":false},"author":4,"featured_media":1809,"parent":1541,"menu_order":0,"comment_status":"closed","ping_status":"closed","template":"elementor_header_footer","meta":{"_acf_changed":false,"footnotes":""},"class_list":["post-1715","page","type-page","status-publish","has-post-thumbnail","hentry"],"acf":[],"_links":{"self":[{"href":"https:\/\/timroos.eu\/de\/wp-json\/wp\/v2\/pages\/1715","targetHints":{"allow":["GET"]}}],"collection":[{"href":"https:\/\/timroos.eu\/de\/wp-json\/wp\/v2\/pages"}],"about":[{"href":"https:\/\/timroos.eu\/de\/wp-json\/wp\/v2\/types\/page"}],"author":[{"embeddable":true,"href":"https:\/\/timroos.eu\/de\/wp-json\/wp\/v2\/users\/4"}],"replies":[{"embeddable":true,"href":"https:\/\/timroos.eu\/de\/wp-json\/wp\/v2\/comments?post=1715"}],"version-history":[{"count":5,"href":"https:\/\/timroos.eu\/de\/wp-json\/wp\/v2\/pages\/1715\/revisions"}],"predecessor-version":[{"id":2011,"href":"https:\/\/timroos.eu\/de\/wp-json\/wp\/v2\/pages\/1715\/revisions\/2011"}],"up":[{"embeddable":true,"href":"https:\/\/timroos.eu\/de\/wp-json\/wp\/v2\/pages\/1541"}],"wp:featuredmedia":[{"embeddable":true,"href":"https:\/\/timroos.eu\/de\/wp-json\/wp\/v2\/media\/1809"}],"wp:attachment":[{"href":"https:\/\/timroos.eu\/de\/wp-json\/wp\/v2\/media?parent=1715"}],"curies":[{"name":"wp","href":"https:\/\/api.w.org\/{rel}","templated":true}]}}