{"id":1585,"date":"2021-10-28T20:10:38","date_gmt":"2021-10-28T18:10:38","guid":{"rendered":"http:\/\/timroos.eu\/?page_id=1585"},"modified":"2021-12-10T16:15:24","modified_gmt":"2021-12-10T14:15:24","slug":"over-tim-roos-advocatuur","status":"publish","type":"page","link":"https:\/\/timroos.eu\/de\/over-tim-roos-advocatuur\/","title":{"rendered":"Tim Roos Advocatuur"},"content":{"rendered":"<div data-elementor-type=\"wp-page\" data-elementor-id=\"1585\" class=\"elementor elementor-1585\" data-elementor-post-type=\"page\">\n\t\t\t\t\t\t<section class=\"elementor-section elementor-top-section elementor-element elementor-element-4293436 elementor-section-height-min-height elementor-section-items-bottom elementor-section-boxed elementor-section-height-default\" data-id=\"4293436\" data-element_type=\"section\" data-e-type=\"section\" data-settings=\"{&quot;background_background&quot;:&quot;classic&quot;,&quot;jet_parallax_layout_list&quot;:[]}\">\n\t\t\t\t\t\t\t<div class=\"elementor-background-overlay\"><\/div>\n\t\t\t\t\t\t\t<div class=\"elementor-container elementor-column-gap-default\">\n\t\t\t\t\t<div class=\"elementor-column elementor-col-100 elementor-top-column elementor-element elementor-element-7cf715b\" data-id=\"7cf715b\" data-element_type=\"column\" data-e-type=\"column\">\n\t\t\t<div class=\"elementor-widget-wrap elementor-element-populated\">\n\t\t\t\t\t\t<div class=\"elementor-element elementor-element-1f469d0 elementor-widget elementor-widget-heading\" data-id=\"1f469d0\" data-element_type=\"widget\" data-e-type=\"widget\" data-widget_type=\"heading.default\">\n\t\t\t\t<div class=\"elementor-widget-container\">\n\t\t\t\t\t<h1 class=\"elementor-heading-title elementor-size-default\">Tim Roos Advocatuur<\/h1>\t\t\t\t<\/div>\n\t\t\t\t<\/div>\n\t\t\t\t\t<\/div>\n\t\t<\/div>\n\t\t\t\t\t<\/div>\n\t\t<\/section>\n\t\t\t\t<section class=\"elementor-section elementor-top-section elementor-element elementor-element-6dde3b6 elementor-section-boxed elementor-section-height-default elementor-section-height-default\" data-id=\"6dde3b6\" data-element_type=\"section\" data-e-type=\"section\" data-settings=\"{&quot;jet_parallax_layout_list&quot;:[]}\">\n\t\t\t\t\t\t<div class=\"elementor-container elementor-column-gap-default\">\n\t\t\t\t\t<div class=\"elementor-column elementor-col-100 elementor-top-column elementor-element elementor-element-0264c4e\" data-id=\"0264c4e\" data-element_type=\"column\" data-e-type=\"column\">\n\t\t\t<div class=\"elementor-widget-wrap elementor-element-populated\">\n\t\t\t\t\t\t<div class=\"elementor-element elementor-element-e313528 elementor-widget elementor-widget-text-editor\" data-id=\"e313528\" data-element_type=\"widget\" data-e-type=\"widget\" data-widget_type=\"text-editor.default\">\n\t\t\t\t<div class=\"elementor-widget-container\">\n\t\t\t\t\t\t\t\t\t<p>Tim Roos Advocatuur ist der Name der neuen Anwaltskanzlei, unter der Tim Roos ab dem 1. Januar 2022 als Rechtsanwalt t\u00e4tig ist. Tim Roos ist seit 1986 als Rechtsanwalt in Rotterdam t\u00e4tig und hat sich auf das Binnenschifffahrtsrecht (Kollisionen, Schiffbau, P&amp;I, Ladungssch\u00e4den, Versicherungsstreitigkeiten usw.) spezialisiert. Er ist Redaktionsmitglied des Redaktionsausschusses von Schip &amp; Schade, der Zeitschrift, die Gerichtsurteile zum Transportrecht ver\u00f6ffentlicht, und Mitglied des IVR-Rechtsausschusses. Zu seinen Mandanten geh\u00f6ren Schiffsversicherer, Schiffs- und Versicherungsmakler, Werften, Reedereien und Particuliere aus den Niederlanden und anderen europ\u00e4ischen L\u00e4ndern. Tim beherrscht Fremdsprachen (Englisch, Deutsch und Franz\u00f6sisch) sowohl in Wort als auch in Schrift. Er arbeitet mit erfahrenen und spezialisierten Rechtsanw\u00e4lten und Experten in den Niederlanden und anderen europ\u00e4ischen L\u00e4ndern zusammen.<\/p>\t\t\t\t\t\t\t\t<\/div>\n\t\t\t\t<\/div>\n\t\t\t\t\t<\/div>\n\t\t<\/div>\n\t\t\t\t\t<\/div>\n\t\t<\/section>\n\t\t\t\t<section class=\"elementor-section elementor-top-section elementor-element elementor-element-cbf66b0 elementor-section-height-min-height elementor-section-boxed elementor-section-height-default elementor-section-items-middle\" data-id=\"cbf66b0\" data-element_type=\"section\" data-e-type=\"section\" data-settings=\"{&quot;background_background&quot;:&quot;classic&quot;,&quot;jet_parallax_layout_list&quot;:[]}\">\n\t\t\t\t\t\t\t<div class=\"elementor-background-overlay\"><\/div>\n\t\t\t\t\t\t\t<div class=\"elementor-container elementor-column-gap-default\">\n\t\t\t\t\t<div class=\"elementor-column elementor-col-50 elementor-top-column elementor-element elementor-element-9664b76\" data-id=\"9664b76\" data-element_type=\"column\" data-e-type=\"column\">\n\t\t\t<div class=\"elementor-widget-wrap elementor-element-populated\">\n\t\t\t\t\t\t<div class=\"elementor-element elementor-element-e5f4f7e elementor-widget elementor-widget-heading\" data-id=\"e5f4f7e\" data-element_type=\"widget\" data-e-type=\"widget\" data-widget_type=\"heading.default\">\n\t\t\t\t<div class=\"elementor-widget-container\">\n\t\t\t\t\t<h2 class=\"elementor-heading-title elementor-size-default\">Wichtige Dokumente<\/h2>\t\t\t\t<\/div>\n\t\t\t\t<\/div>\n\t\t\t\t<div class=\"elementor-element elementor-element-8fd8c2a elementor-widget elementor-widget-text-editor\" data-id=\"8fd8c2a\" data-element_type=\"widget\" data-e-type=\"widget\" data-widget_type=\"text-editor.default\">\n\t\t\t\t<div class=\"elementor-widget-container\">\n\t\t\t\t\t\t\t\t\t<p>Allgemeine Gesch\u00e4ftsbedingungen, Privacy Statement u.a.\u00a0<\/p>\t\t\t\t\t\t\t\t<\/div>\n\t\t\t\t<\/div>\n\t\t\t\t<div class=\"elementor-element elementor-element-2a40fdd elementor-widget elementor-widget-button\" data-id=\"2a40fdd\" data-element_type=\"widget\" data-e-type=\"widget\" data-widget_type=\"button.default\">\n\t\t\t\t<div class=\"elementor-widget-container\">\n\t\t\t\t\t\t\t\t\t<div class=\"elementor-button-wrapper\">\n\t\t\t\t\t<a class=\"elementor-button elementor-button-link elementor-size-sm\" href=\"https:\/\/timroos.eu\/de\/documenten\/\">\n\t\t\t\t\t\t<span class=\"elementor-button-content-wrapper\">\n\t\t\t\t\t\t\t\t\t<span class=\"elementor-button-text\">Dokumente<\/span>\n\t\t\t\t\t<\/span>\n\t\t\t\t\t<\/a>\n\t\t\t\t<\/div>\n\t\t\t\t\t\t\t\t<\/div>\n\t\t\t\t<\/div>\n\t\t\t\t\t<\/div>\n\t\t<\/div>\n\t\t\t\t<div class=\"elementor-column elementor-col-50 elementor-top-column elementor-element elementor-element-8365f84\" data-id=\"8365f84\" data-element_type=\"column\" data-e-type=\"column\">\n\t\t\t<div class=\"elementor-widget-wrap\">\n\t\t\t\t\t\t\t<\/div>\n\t\t<\/div>\n\t\t\t\t\t<\/div>\n\t\t<\/section>\n\t\t\t\t<section class=\"elementor-section elementor-top-section elementor-element elementor-element-4a2c57b elementor-section-boxed elementor-section-height-default elementor-section-height-default\" data-id=\"4a2c57b\" data-element_type=\"section\" data-e-type=\"section\" data-settings=\"{&quot;jet_parallax_layout_list&quot;:[]}\">\n\t\t\t\t\t\t<div class=\"elementor-container elementor-column-gap-default\">\n\t\t\t\t\t<div class=\"elementor-column elementor-col-100 elementor-top-column elementor-element elementor-element-1f0e6bc\" data-id=\"1f0e6bc\" data-element_type=\"column\" data-e-type=\"column\">\n\t\t\t<div class=\"elementor-widget-wrap\">\n\t\t\t\t\t\t\t<\/div>\n\t\t<\/div>\n\t\t\t\t\t<\/div>\n\t\t<\/section>\n\t\t\t\t<\/div>","protected":false},"excerpt":{"rendered":"<p>Over Tim Roos Advocatuur Tim Roos Advocatuur is de naam van het nieuwe kantoor waaronder Tim Roos. vanaf 1 januari 2022 de praktijk uitoefent. Tim Roos is sinds 1986 advocaat in Rotterdam en gespecialiseerd in het binnenvaartrecht (aanvaringen, scheepsbouw, P&amp;I, ladingschades, verzekeringsgeschillen enz.). Hij is redactielid van Schip &amp; Schade, het tijdschrift dat rechterlijke uitspraken [&hellip;]<\/p>\n","protected":false},"author":4,"featured_media":0,"parent":0,"menu_order":0,"comment_status":"closed","ping_status":"closed","template":"elementor_header_footer","meta":{"_acf_changed":false,"footnotes":""},"class_list":["post-1585","page","type-page","status-publish","hentry"],"acf":[],"_links":{"self":[{"href":"https:\/\/timroos.eu\/de\/wp-json\/wp\/v2\/pages\/1585","targetHints":{"allow":["GET"]}}],"collection":[{"href":"https:\/\/timroos.eu\/de\/wp-json\/wp\/v2\/pages"}],"about":[{"href":"https:\/\/timroos.eu\/de\/wp-json\/wp\/v2\/types\/page"}],"author":[{"embeddable":true,"href":"https:\/\/timroos.eu\/de\/wp-json\/wp\/v2\/users\/4"}],"replies":[{"embeddable":true,"href":"https:\/\/timroos.eu\/de\/wp-json\/wp\/v2\/comments?post=1585"}],"version-history":[{"count":5,"href":"https:\/\/timroos.eu\/de\/wp-json\/wp\/v2\/pages\/1585\/revisions"}],"predecessor-version":[{"id":1971,"href":"https:\/\/timroos.eu\/de\/wp-json\/wp\/v2\/pages\/1585\/revisions\/1971"}],"wp:attachment":[{"href":"https:\/\/timroos.eu\/de\/wp-json\/wp\/v2\/media?parent=1585"}],"curies":[{"name":"wp","href":"https:\/\/api.w.org\/{rel}","templated":true}]}}